{"id":42,"date":"2024-09-02T14:58:55","date_gmt":"2024-09-02T14:58:55","guid":{"rendered":"https:\/\/funea.gov.ao\/?page_id=42"},"modified":"2025-04-23T03:49:42","modified_gmt":"2025-04-23T03:49:42","slug":"sobre-nos","status":"publish","type":"page","link":"https:\/\/funea.gov.ao\/?page_id=42","title":{"rendered":"Sobre n\u00f3s"},"content":{"rendered":"\n<h2 class=\"wp-block-heading\">Introdu\u00e7\u00e3o<\/h2>\n\n\n\n<p>O Fundo Nacional de Emprego de Angola (FUNEA) foi criado por for\u00e7a do Decreto Presidencial n.\u00ba 133\/23, de 01 de Junho, cujo objecto e \u00e2mbito visam garantir recursos financeiros para promover a inser\u00e7\u00e3o de rec\u00e9m-formados e desempregados no mercado de trabalho.<\/p>\n\n\n\n<p>Sendo um fundo conta, o FUNEA \u00e9 um conjunto de activos financeiros, principalmente dep\u00f3sitos a prazo e a ordem, cujo objectivo primordial prende-se na cria\u00e7\u00e3o e apoio de projectos e iniciativas p\u00fablicas e privadas que materializarem as ac\u00e7\u00f5es e medidas priorit\u00e1rias da Agenda Nacional de Emprego.<\/p>\n\n\n\n<p>O FUNEA \u00e9 integralmente capitalizado por receitas provenientes do Tesouro Nacional e das Pol\u00edticas Activas do Mercado de Trabalho. &nbsp;<\/p>\n\n\n\n<p>As actividades do FUNEA, regem-se pelos diplomas legais apresentados abaixo:<\/p>\n\n\n\n<ul class=\"wp-block-list\">\n<li>Decreto Presidencial n.\u00ba 226\/23, que aprova a Agenda Nacional paro o Emprego;<\/li>\n\n\n\n<li>Contrato-Programa firmado entre o Governo de Angola e o Instituto Nacional de Seguran\u00e7a Social (INSS), designado por Entidade Gestora do FUNEA;<\/li>\n\n\n\n<li>Decreto Presidencial n.\u00ba 133\/23, que cria o Fundo Nacional de Emprego de Angola;<\/li>\n\n\n\n<li>Decreto Executivo Conjunto n.\u00ba 05\/24, que aprova os Termos e Modelo de Gest\u00e3o do Fundo Nacional de Emprego de Angola;<\/li>\n\n\n\n<li>Decreto Executivo Conjunto n.\u00ba 06\/24, que estabelece o Regulamento da Pol\u00edtica de Aloca\u00e7\u00e3o e de Concess\u00e3o de Recursos definidos e adoptados pelo Fundo Nacional de Emprego de Angola, determinado os limites de actua\u00e7\u00e3o no financiamento de projectos e iniciativas de emprego;<\/li>\n\n\n\n<li>Decreto Presidencial n.\u00ba 01\/24, que aprova as Regras de Execu\u00e7\u00e3o do Or\u00e7amento Geral do Estado para o Exerc\u00edcio Econ\u00f3mico de 2024.<\/li>\n<\/ul>\n\n\n\n<ol class=\"wp-block-list\">\n<li><\/li>\n<\/ol>\n","protected":false},"excerpt":{"rendered":"<p>Introdu\u00e7\u00e3o O Fundo Nacional de Emprego de Angola (FUNEA) foi criado por for\u00e7a do Decreto Presidencial n.\u00ba 133\/23, de 01 de Junho, cujo objecto e \u00e2mbito visam garantir recursos financeiros para promover a inser\u00e7\u00e3o de rec\u00e9m-formados e desempregados no mercado de trabalho. Sendo um fundo conta, o FUNEA \u00e9 um conjunto de activos financeiros, principalmente [&hellip;]<\/p>\n","protected":false},"author":1,"featured_media":0,"parent":0,"menu_order":0,"comment_status":"closed","ping_status":"closed","template":"page-templates\/page-about.php","meta":{"footnotes":""},"class_list":["post-42","page","type-page","status-publish","hentry"],"acf":[],"_links":{"self":[{"href":"https:\/\/funea.gov.ao\/index.php?rest_route=\/wp\/v2\/pages\/42","targetHints":{"allow":["GET"]}}],"collection":[{"href":"https:\/\/funea.gov.ao\/index.php?rest_route=\/wp\/v2\/pages"}],"about":[{"href":"https:\/\/funea.gov.ao\/index.php?rest_route=\/wp\/v2\/types\/page"}],"author":[{"embeddable":true,"href":"https:\/\/funea.gov.ao\/index.php?rest_route=\/wp\/v2\/users\/1"}],"replies":[{"embeddable":true,"href":"https:\/\/funea.gov.ao\/index.php?rest_route=%2Fwp%2Fv2%2Fcomments&post=42"}],"version-history":[{"count":7,"href":"https:\/\/funea.gov.ao\/index.php?rest_route=\/wp\/v2\/pages\/42\/revisions"}],"predecessor-version":[{"id":203,"href":"https:\/\/funea.gov.ao\/index.php?rest_route=\/wp\/v2\/pages\/42\/revisions\/203"}],"wp:attachment":[{"href":"https:\/\/funea.gov.ao\/index.php?rest_route=%2Fwp%2Fv2%2Fmedia&parent=42"}],"curies":[{"name":"wp","href":"https:\/\/api.w.org\/{rel}","templated":true}]}}